
{"id":3,"date":"2022-04-08T11:49:28","date_gmt":"2022-04-08T09:49:28","guid":{"rendered":"http:\/\/mespetitesvisites.fr\/?page_id=3"},"modified":"2022-05-06T12:51:22","modified_gmt":"2022-05-06T10:51:22","slug":"politique-de-confidentialite","status":"publish","type":"page","link":"https:\/\/mespetitesvisites.fr\/index.php\/politique-de-confidentialite\/","title":{"rendered":"Politique de confidentialit\u00e9"},"content":{"rendered":"\n<h3 class=\"wp-block-heading\"><strong>Editeur du site<\/strong> <\/h3>\n\n\n\n<p>Typhaine ORGEBIN, Mes petites visites au beurre sal\u00e9 56450 Surzur<\/p>\n\n\n\n<h3 class=\"wp-block-heading\"><strong>Directeur de publication<\/strong> <\/h3>\n\n\n\n<p>Typhaine ORGEBIN<\/p>\n\n\n\n<h3 class=\"wp-block-heading\"><strong>H\u00e9bergeur du site<\/strong><\/h3>\n\n\n\n<p>OVH &#8211; Si\u00e8ge social 2, rue Kellermann, 59100 Roubaix.<\/p>\n\n\n\n<h3 class=\"wp-block-heading\"><strong>Cr\u00e9ateur du site<\/strong><\/h3>\n\n\n\n<p>Caroline Celo <a href=\"http:\/\/www.lagraph.fr\" target=\"_blank\" rel=\"noreferrer noopener\">www.lagraph.fr<\/a><\/p>\n\n\n\n<h3 class=\"wp-block-heading\"><strong>Propri\u00e9t\u00e9 intellectuelle<\/strong><\/h3>\n\n\n\n<p>Ce site appartient et est exploit\u00e9 par Typhaine ORGEBIN, guide touristique et guide accompagnatrice ind\u00e9pendante. Son contenu (pages, textes, logos, visuels &#8230;) est prot\u00e9g\u00e9 par les lois en vigueur sur la propri\u00e9t\u00e9 intellectuelle et font l\u2019objet d\u2019une autorisation d\u2019utilisation. Tous les droits concernant les contenus de ce site sont r\u00e9serv\u00e9s. Aucun \u00e9l\u00e9ment composant ce site ne peut \u00eatre copi\u00e9, reproduit, modifi\u00e9, d\u00e9natur\u00e9, transmis de fa\u00e7on partielle ou int\u00e9grale, sans l\u2019autorisation \u00e9crite au pr\u00e9alable de Typhaine ORGEBIN. Seule reste permise l\u2019utilisation \u00e0 titre exclusivement priv\u00e9 et \u00e0 des fins non commerciales.<\/p>\n\n\n\n<h3 class=\"wp-block-heading\"><strong>Description des services fournis<\/strong><\/h3>\n\n\n\n<p>Mes petites visites au beurre sal\u00e9 s\u2019efforce de fournir sur le site&nbsp;www.mespetitesvisites.fr&nbsp;des informations aussi pr\u00e9cises que possible. Toutefois, il ne pourra \u00eatre tenu responsable des omissions, des inexactitudes et des carences dans la mise \u00e0 jour, qu\u2019elles soient de son fait ou du fait des tiers partenaires qui lui fournissent ces informations.<\/p>\n\n\n\n<p>Toutes les informations indiqu\u00e9es sur le site&nbsp;www.mespetitesvisites.fr&nbsp;sont donn\u00e9es \u00e0 titre indicatif, et sont susceptibles d\u2019\u00e9voluer. Par ailleurs, les renseignements figurant sur le site&nbsp;www.mespetitesvisites.fr&nbsp;ne sont pas exhaustifs. Ils sont donn\u00e9s sous r\u00e9serve de modifications ayant \u00e9t\u00e9 apport\u00e9es depuis leur mise en ligne.<\/p>\n\n\n\n<h3 class=\"wp-block-heading\"><strong>Photos\u00a0<\/strong><\/h3>\n\n\n\n<p>Les photos pr\u00e9sentent sur le site sont la propri\u00e9t\u00e9 exclusive de Mes petites visites au beurre sal\u00e9\/Typhaine ORGEBIN. Elles ne sont pas libres de droit. Si une photo est&nbsp; fournie par l\u2019un des partenaires de Mes petites visites au beurre sal\u00e9, dans ce cas, il est notifi\u00e9 sur la photo \u00ab&nbsp;Cr\u00e9dit photo +nom de la personne&nbsp;\u00bb.<\/p>\n\n\n\n<h3 class=\"wp-block-heading\"><strong>Liens<\/strong><\/h3>\n\n\n\n<p>Les sites li\u00e9s directement ou indirectement au site &nbsp;www.mespetitesvisites.fr&nbsp; ne sont pas sous le contr\u00f4le de Mes petites visites au beurre sal\u00e9. En cons\u00e9quence, Mes petites visites au beurre sal\u00e9 n\u2019assume aucune responsabilit\u00e9 quant aux informations publi\u00e9es sur ces sites.<\/p>\n\n\n\n<p>Les liens avec des sites ext\u00e9rieurs ne sont fournis qu\u2019\u00e0 titre d\u2019exemple et n\u2019impliquent aucune caution quant \u00e0 leur contenu.<\/p>\n\n\n\n<p>Toute exploitation non autoris\u00e9e du site ou de l\u2019un quelconque des \u00e9l\u00e9ments qu\u2019il contient sera consid\u00e9r\u00e9e comme constitutive d\u2019une contrefa\u00e7on et poursuivie conform\u00e9ment aux dispositions des articles L.335-2 et suivants du Code de Propri\u00e9t\u00e9 Intellectuelle.<\/p>\n\n\n\n<h3 class=\"wp-block-heading\"><strong>Gestion des donn\u00e9es personnelles<\/strong><\/h3>\n\n\n\n<p>Mes petites visites au beurre sal\u00e9 ne collecte des informations personnelles relatives \u00e0 l\u2019utilisateur que pour le besoin de certains services propos\u00e9s par le site&nbsp;www.mespetitesvisites.fr. L\u2019utilisateur fournit ces informations en toute connaissance de cause, notamment lorsqu\u2019il proc\u00e8de par lui-m\u00eame \u00e0 leur saisie.<\/p>\n\n\n\n<p>Conform\u00e9ment \u00e0 la&nbsp;<a href=\"https:\/\/www.cnil.fr\/fr\/loi-78-17-du-6-janvier-1978-modifiee\">\u201cloi informatique et libert\u00e9s\u201d<\/a>&nbsp;tout utilisateur dispose d\u2019un droit d\u2019acc\u00e8s, de rectification et d\u2019opposition aux donn\u00e9es personnelles le concernant, en effectuant sa demande \u00e9crite et sign\u00e9e, accompagn\u00e9e d\u2019une copie du titre d\u2019identit\u00e9 avec signature du titulaire de la pi\u00e8ce, en pr\u00e9cisant l\u2019adresse \u00e0 laquelle la r\u00e9ponse doit \u00eatre envoy\u00e9e.<\/p>\n\n\n\n<p>Le site www.mespetitesvisites.fr n\u2019effectue aucun traitement sur les donn\u00e9es \u00e9ventuellement collect\u00e9es pour son fonctionnement. Les donn\u00e9es personnelles collect\u00e9es par www.mespetitesvisites.fr sont uniquement destin\u00e9es \u00e0 un usage interne pour vous r\u00e9pondre (adresse mail). En aucun cas ces donn\u00e9es ne seront c\u00e9d\u00e9es ou vendues \u00e0 des tiers.<\/p>\n","protected":false},"excerpt":{"rendered":"<p>Editeur du site Typhaine ORGEBIN, Mes petites visites au beurre sal\u00e9 56450 Surzur Directeur de publication Typhaine ORGEBIN H\u00e9bergeur du site OVH [&hellip;]<\/p>\n","protected":false},"author":3,"featured_media":0,"parent":0,"menu_order":0,"comment_status":"closed","ping_status":"open","template":"page-templates\/page_fullwidth.php","meta":{"footnotes":""},"class_list":["post-3","page","type-page","status-publish","hentry"],"_links":{"self":[{"href":"https:\/\/mespetitesvisites.fr\/index.php\/wp-json\/wp\/v2\/pages\/3","targetHints":{"allow":["GET"]}}],"collection":[{"href":"https:\/\/mespetitesvisites.fr\/index.php\/wp-json\/wp\/v2\/pages"}],"about":[{"href":"https:\/\/mespetitesvisites.fr\/index.php\/wp-json\/wp\/v2\/types\/page"}],"author":[{"embeddable":true,"href":"https:\/\/mespetitesvisites.fr\/index.php\/wp-json\/wp\/v2\/users\/3"}],"replies":[{"embeddable":true,"href":"https:\/\/mespetitesvisites.fr\/index.php\/wp-json\/wp\/v2\/comments?post=3"}],"version-history":[{"count":4,"href":"https:\/\/mespetitesvisites.fr\/index.php\/wp-json\/wp\/v2\/pages\/3\/revisions"}],"predecessor-version":[{"id":304,"href":"https:\/\/mespetitesvisites.fr\/index.php\/wp-json\/wp\/v2\/pages\/3\/revisions\/304"}],"wp:attachment":[{"href":"https:\/\/mespetitesvisites.fr\/index.php\/wp-json\/wp\/v2\/media?parent=3"}],"curies":[{"name":"wp","href":"https:\/\/api.w.org\/{rel}","templated":true}]}}